{"id":8308,"date":"2024-10-13T13:15:03","date_gmt":"2024-10-13T13:15:03","guid":{"rendered":"https:\/\/www.boxgrandcru.fr\/?page_id=8308"},"modified":"2024-10-13T13:15:03","modified_gmt":"2024-10-13T13:15:03","slug":"conditions-generales-de-vente","status":"publish","type":"page","link":"https:\/\/www.boxgrandcru.fr\/index.php\/conditions-generales-de-vente\/","title":{"rendered":"Conditions G\u00e9n\u00e9rales de Vente"},"content":{"rendered":"<div class=\"wpb-content-wrapper\">\r\n<div class=\"vc_row wpb_row vc_row-fluid\">\r\n<div class=\"wpb_column vc_column_container vc_col-sm-12\">\r\n<div class=\"vc_column-inner\">\r\n<div class=\"wpb_wrapper\">\r\n<div class=\"wpb_text_column wpb_content_element \">\r\n<div class=\"wpb_wrapper\">\r\n<h2 class=\"shortcode_title title_636991106 secondary_font vc_custom_1446817489642 wp-block-heading\"><strong>Article 1 \u2013 G\u00e9n\u00e9ralit\u00e9s<\/strong><\/h2>\r\n<p>\u2013 Le site <a href=\"https:\/\/www.boxgrandcru.fr\/\" target=\"_blank\" rel=\"noopener\">www.BoxGrandCru.fr<\/a>\u00a0est \u00e9dit\u00e9 par la soci\u00e9t\u00e9<strong> IT Monaco<\/strong>, dont le si\u00e8ge social est situ\u00e9 au : 2971, Chemin Saint Bernard &#8211;\u00a0 Sophia Antipolis \u2013 06220 VALLAURISE, FRANCE. au capital de 1 000,00 Euros et immatricul\u00e9e au Registre du Commerce et des Soci\u00e9t\u00e9s d\u2019Antibes sous le num\u00e9ro SIREN 953 172 525.<\/p>\r\n<h2 class=\"shortcode_title title_636991106 secondary_font vc_custom_1446817489642\"><strong>1.1 Domaine d\u2019application<\/strong><\/h2>\r\n<p>\u2013 Les pr\u00e9sentes CGV s\u2019appliquent \u00e0 toutes ventes effectu\u00e9s sur le site <a href=\"https:\/\/www.boxgrandcru.fr\/\" target=\"_blank\" rel=\"noopener\">www.BoxGrandCru.fr<\/a> ou aupr\u00e8s des services de <strong>IT Monaco<\/strong>\u00a0\/ <b>Box Grand Cru<\/b>. Aucune vente ne pourra \u00eatre accept\u00e9e sans un accord au pr\u00e9alable de l\u2019utilisateur des pr\u00e9sentes conditions g\u00e9n\u00e9rales de ventes.<\/p>\r\n<\/div>\r\n<\/div>\r\n<\/div>\r\n<\/div>\r\n<\/div>\r\n<\/div>\r\n<div class=\"vc_row wpb_row vc_row-fluid\">\r\n<div class=\"wpb_column vc_column_container vc_col-sm-12\">\r\n<div class=\"vc_column-inner\">\r\n<div class=\"wpb_wrapper\">\r\n<div class=\"vc_separator wpb_content_element vc_separator_align_center vc_sep_width_100 vc_sep_pos_align_center vc_separator_no_text\">\u00a0<\/div>\r\n<\/div>\r\n<\/div>\r\n<\/div>\r\n<\/div>\r\n<div class=\"vc_row wpb_row vc_row-fluid\">\r\n<div class=\"wpb_column vc_column_container vc_col-sm-12\">\r\n<div class=\"vc_column-inner\">\r\n<div class=\"wpb_wrapper\">\r\n<div class=\"wpb_text_column wpb_content_element \">\r\n<div class=\"wpb_wrapper\">\r\n<h2><strong>Article 2 :<\/strong>\u00a0Pr\u00e9sentation des produits<\/h2>\r\n<p>\u2013 Le site propose \u00e0 la vente diff\u00e9rentes formes de gobelets r\u00e9utilisables en plastique \u00e0 personnaliser en ligne.<\/p>\r\n<\/div>\r\n<\/div>\r\n<\/div>\r\n<\/div>\r\n<\/div>\r\n<\/div>\r\n<div class=\"vc_row wpb_row vc_row-fluid\">\r\n<div class=\"wpb_column vc_column_container vc_col-sm-12\">\r\n<div class=\"vc_column-inner\">\r\n<div class=\"wpb_wrapper\">\r\n<div class=\"vc_separator wpb_content_element vc_separator_align_center vc_sep_width_100 vc_sep_pos_align_center vc_separator_no_text\">\u00a0<\/div>\r\n<\/div>\r\n<\/div>\r\n<\/div>\r\n<\/div>\r\n<div class=\"vc_row wpb_row vc_row-fluid\">\r\n<div class=\"wpb_column vc_column_container vc_col-sm-12\">\r\n<div class=\"vc_column-inner\">\r\n<div class=\"wpb_wrapper\">\r\n<div class=\"wpb_text_column wpb_content_element \">\r\n<div class=\"wpb_wrapper\">\r\n<h2><strong>Article 3 :<\/strong>\u00a0Processus de la commande<\/h2>\r\n<p><strong>3.1 Identification du client<\/strong><\/p>\r\n<p>\u2013 Le Client est identifi\u00e9 uniquement s\u2019il valide la commande. Il entrera ses informations dans le processus de commande. Les informations seront conserv\u00e9es dans le respect des r\u00e8gles de l\u2019article 4 du R\u00e8glement (UE) 2016\/679 du 27 avril 2016 (RGPD)<\/p>\r\n<p><strong>3.2 : Produits\u00a0<\/strong><\/p>\r\n<p>&nbsp;<\/p>\r\n<p><strong>3.3 Finalisation de la commande<\/strong><\/p>\r\n<p>\u2013 La commande se finalise en ligne, uniquement apr\u00e8s enregistrement du paiement. Pour les paiements par ch\u00e8ques ou virement bancaires, la commande ne sera prise en compte qu\u2019apr\u00e8s r\u00e9ception effective du paiement (cr\u00e9dit sur le compte bancaire).<\/p>\r\n<\/div>\r\n<\/div>\r\n<\/div>\r\n<\/div>\r\n<\/div>\r\n<\/div>\r\n<div class=\"vc_row wpb_row vc_row-fluid\">\r\n<div class=\"wpb_column vc_column_container vc_col-sm-12\">\r\n<div class=\"vc_column-inner\">\r\n<div class=\"wpb_wrapper\">\r\n<div class=\"vc_separator wpb_content_element vc_separator_align_center vc_sep_width_100 vc_sep_pos_align_center vc_separator_no_text\">\u00a0<\/div>\r\n<\/div>\r\n<\/div>\r\n<\/div>\r\n<\/div>\r\n<div class=\"vc_row wpb_row vc_row-fluid\">\r\n<div class=\"wpb_column vc_column_container vc_col-sm-12\">\r\n<div class=\"vc_column-inner\">\r\n<div class=\"wpb_wrapper\">\r\n<div class=\"wpb_text_column wpb_content_element \">\r\n<div class=\"wpb_wrapper\">\r\n<h2 class=\"shortcode_title title_636991106 secondary_font vc_custom_1446817489642\"><strong>Article 4 :<\/strong>\u00a0<strong>Prix et R\u00e8glement de la commande<\/strong><\/h2>\r\n<p><strong>4.1 Devise et TVA<\/strong><\/p>\r\n<p>\u2013 Les tarifs affich\u00e9s dans le configurateur sont en TTC selon la TVA en vigueur. Toute variation de la taxe r\u00e9percut\u00e9e sur les prix.<\/p>\r\n<p>\u2013 Les frais de transport sont en sus car ils peuvent varier en fonction du mode de livraison choisi. Les frais de port s\u2019ajoutent au montant total de la commande au moment de la validation d\u00e9finitive du panier.<\/p>\r\n<p>\u2013 <strong>IT Monaco<\/strong>\u00a0\/ <b>Box Grand Cru<\/b>\u00a0se r\u00e9serve le droit de modifier ses prix de vente \u00e0 tout moment<\/p>\r\n<p><strong>4.3 Le paiement<\/strong><\/p>\r\n<p>\u2013 Le paiement de la totalit\u00e9 de la commande est exigible \u00e0 la commande.<\/p>\r\n<p>\u2013 Aucun escompte, arrhes, acompte ne sera accord\u00e9s. <strong>IT Monaco<\/strong>\u00a0\/ <b>Box Grand Cru<\/b>\u00a0se r\u00e9serve le droit de ne pas honorer une commande qui ne serait pas ou partiellement r\u00e9gl\u00e9e. <strong>IT Monaco<\/strong>\u00a0\/ <b>Box Grand Cru<\/b>\u00a0se r\u00e9serve \u00e9galement le droit de ne pas honorer une commande d\u2019un client avec lequel l\u2019entreprise est en cours de litige paiement.<\/p>\r\n<p>\u2013 Le paiement doit se faire en carte bancaire CB (Visa, Master Card, Appel Pay, Google Pay,\u00a0 PayPal) sur la plat-forme\u00a0<a href=\"https:\/\/stripe.com\/fr\"><strong>STRIPE<\/strong><\/a>.<\/p>\r\n<p><strong>4.4 Les retards de paiement<\/strong><\/p>\r\n<p>\u2013 Toute commande effectu\u00e9e doit \u00eatre r\u00e9gl\u00e9e directement pour \u00eatre prise en compte. Dans le cas d\u2019un accord sur le paiement avec le client, si celui-ci ne respecte pas les conditions, des p\u00e9nalit\u00e9s seront mis en place \u00e0 hauteur de 5% HT du montant de la commande par jour de retard. Si aucun accord n\u2019est trouv\u00e9, le Tribunal de Commerce d\u2019Antibes sera comp\u00e9tent pour \u00e9tudier les poursuites \u00e9mises par <strong>IT Monaco<\/strong>\u00a0\/ <b>Box Grand Cru<\/b>.<\/p>\r\n<\/div>\r\n<\/div>\r\n<\/div>\r\n<\/div>\r\n<\/div>\r\n<\/div>\r\n<div class=\"vc_row wpb_row vc_row-fluid\">\r\n<div class=\"wpb_column vc_column_container vc_col-sm-12\">\r\n<div class=\"vc_column-inner\">\r\n<div class=\"wpb_wrapper\">\r\n<div class=\"vc_separator wpb_content_element vc_separator_align_center vc_sep_width_100 vc_sep_pos_align_center vc_separator_no_text\">\u00a0<\/div>\r\n<\/div>\r\n<\/div>\r\n<\/div>\r\n<\/div>\r\n<div class=\"vc_row wpb_row vc_row-fluid\">\r\n<div class=\"wpb_column vc_column_container vc_col-sm-12\">\r\n<div class=\"vc_column-inner\">\r\n<div class=\"wpb_wrapper\">\r\n<div class=\"wpb_text_column wpb_content_element \">\r\n<div class=\"wpb_wrapper\">\r\n<h2 class=\"shortcode_title title_636991106 secondary_font vc_custom_1446817489642\"><strong>Article 5 : La Livraison de la commande<\/strong><\/h2>\r\n<p>\u2013 Toute commande sera exp\u00e9di\u00e9e selon l\u2019adresse indiqu\u00e9e par le client lors de la saisie de ses informations concernant la livraison. L\u2019utilisateur doit donc veiller \u00e0 la bonne conformit\u00e9 des informations en vue de la livraison de sa commande. La soci\u00e9t\u00e9 ne pourra \u00eatre tenue comme responsable en cas d\u2019adresse d\u2019exp\u00e9dition erron\u00e9e. En cas de r\u00e9exp\u00e9dition, les frais d\u2019envoi seront \u00e0 la charge de l\u2019utilisateur une fois l\u2019adresse rectifi\u00e9e.<\/p>\r\n<p>\u2013 Selon la commande et les quantit\u00e9s de produits command\u00e9es, les types de livraison sont pr\u00e9vus avec diff\u00e9rents transporteur. Les conditions de livraison sont et seront d\u00e9termin\u00e9 par les Condition G\u00e9n\u00e9rale de Vente des dits transporteurs. La soci\u00e9t\u00e9<strong> IT Monaco\u00a0\/ <b>Box Grand Cru<\/b>.<\/strong>\u00a0ne pourra alors \u00eatre tenu responsable en cas de non-respect d\u2019un d\u00e9lai de livraison ou en cas de perte ou en cas de d\u00e9gradation subie et constat\u00e9e \u00e0 la r\u00e9ception de la commande.<\/p>\r\n<p>\u2013 Les tarifs de livraison varient en fonction du produit et de la quantit\u00e9 s\u00e9lectionn\u00e9e par l\u2019utilisateur. En cas de livraison hors fronti\u00e8re nationale et hors U-E, le tarif du transport n\u2019int\u00e8gre pas d\u2019\u00e9ventuels frais de douane ou autres droits et taxes locales. Elles seront \u00e0 la charge de l\u2019utilisateur qui devra assumer toute responsabilit\u00e9 en termes d\u2019\u00e9ventuelles d\u00e9clarations et autres formalit\u00e9 douani\u00e8re.<\/p>\r\n<p><strong>La R\u00e9ception :<\/strong><\/p>\r\n<p>\u2013 A la r\u00e9ception de la commande, l\u2019utilisateur doit veiller \u00e0 v\u00e9rifier l\u2019\u00e9tat de l\u2019emballage et des produits command\u00e9s.<\/p>\r\n<p>\u2013 L\u2019utilisateur doit \u00e9galement veiller que le nombre de colis re\u00e7us correspond bien \u00e0 celui repris sur le bon de livraison.<\/p>\r\n<p>\u2013 En cas de dommages sur l\u2019emballage ou le produit, l\u2019utilisateur devra \u00e9mettre les r\u00e9serves et les r\u00e9clamations qu\u2019il estime n\u00e9cessaire. Lesdites r\u00e9serves et r\u00e9clamations doivent \u00eatre adress\u00e9es \u00e0<strong> IT Monaco \/ <b>Box Grand Cru<\/b>.<\/strong>\u00a0par lettre recommand\u00e9e avec demande d\u2019avis de r\u00e9ception dans les 3 jours ouvr\u00e9s qui suivent la date de la livraison des produits. Sans r\u00e9serve, officielles \u00e9tablies au moment de la livraison, il sera impossible d\u2019ouvrir un litige SAV contre\u00a0<strong>IT Monaco<\/strong>\u00a0\/ <b>Box Grand Cru<\/b>.<\/p>\r\n<\/div>\r\n<\/div>\r\n<\/div>\r\n<\/div>\r\n<\/div>\r\n<\/div>\r\n<div class=\"vc_row wpb_row vc_row-fluid\">\r\n<div class=\"wpb_column vc_column_container vc_col-sm-12\">\r\n<div class=\"vc_column-inner\">\r\n<div class=\"wpb_wrapper\">\r\n<div class=\"vc_separator wpb_content_element vc_separator_align_center vc_sep_width_100 vc_sep_pos_align_center vc_separator_no_text\">\u00a0<\/div>\r\n<\/div>\r\n<\/div>\r\n<\/div>\r\n<\/div>\r\n<div class=\"vc_row wpb_row vc_row-fluid\">\r\n<div class=\"wpb_column vc_column_container vc_col-sm-12\">\r\n<div class=\"vc_column-inner\">\r\n<div class=\"wpb_wrapper\">\r\n<div class=\"wpb_text_column wpb_content_element \">\r\n<div class=\"wpb_wrapper\">\r\n<h2 class=\"shortcode_title title_636991106 secondary_font vc_custom_1446817489642\"><strong>Article : 6<\/strong>\u00a0<strong>Droit de r\u00e9tractation<\/strong><\/h2>\r\n<p>En vertu de l\u2019article L. 121-20-2 du Code de la Consommation, le droit de r\u00e9tractation ne peut \u00eatre exerc\u00e9 pour les produits concernant des biens confectionn\u00e9s selon les sp\u00e9cifications du consommateur ou nettement personnalis\u00e9s ou qui, du fait de leur nature, ne peuvent \u00eatre r\u00e9exp\u00e9di\u00e9s ou sont susceptibles de se d\u00e9t\u00e9riorer ou de se p\u00e9rimer rapidement.<br \/>Aucun droit de r\u00e9tractation ne saurait donc \u00eatre appliqu\u00e9 pour les gobelets, verres \u00e0 vin et flutes, du fait de leur personnalisation.<\/p>\r\n<\/div>\r\n<\/div>\r\n<\/div>\r\n<\/div>\r\n<\/div>\r\n<\/div>\r\n<div class=\"vc_row wpb_row vc_row-fluid\">\r\n<div class=\"wpb_column vc_column_container vc_col-sm-12\">\r\n<div class=\"vc_column-inner\">\r\n<div class=\"wpb_wrapper\">\r\n<div class=\"vc_separator wpb_content_element vc_separator_align_center vc_sep_width_100 vc_sep_pos_align_center vc_separator_no_text\">\u00a0<\/div>\r\n<\/div>\r\n<\/div>\r\n<\/div>\r\n<\/div>\r\n<div class=\"vc_row wpb_row vc_row-fluid\">\r\n<div class=\"wpb_column vc_column_container vc_col-sm-12\">\r\n<div class=\"vc_column-inner\">\r\n<div class=\"wpb_wrapper\">\r\n<div class=\"wpb_text_column wpb_content_element \">\r\n<div class=\"wpb_wrapper\">\r\n<h2 class=\"shortcode_title title_636991106 secondary_font vc_custom_1446817489642\"><strong>Article 7 : R\u00e9clamation<\/strong><\/h2>\r\n<p>\u2013 En cas de probl\u00e8me d\u2019impression manifeste sur les produits re\u00e7us, l\u2019Utilisateur doit contacter le Service Client de la Soci\u00e9t\u00e9 par e-mail via le formulaire de contact, en pr\u00e9cisant son num\u00e9ro de commande et l\u2019objet de sa r\u00e9clamation. Il est express\u00e9ment demand\u00e9 \u00e0 l\u2019Utilisateur, en cas de r\u00e9clamation, de conserver l\u2019int\u00e9gralit\u00e9 des produits re\u00e7us, ainsi que les emballages d\u2019origine, afin de pouvoir les retourner dans leur \u00e9tat d\u2019origine \u00e0 la Soci\u00e9t\u00e9. En cas de r\u00e9clamation justifi\u00e9e et de r\u00e9impression des produits, les frais d\u2019exp\u00e9dition seront \u00e0 la charge de la Soci\u00e9t\u00e9.<\/p>\r\n<p>\u2013 En cas de r\u00e9clamation justifi\u00e9e et de remboursement, le remboursement sera effectif dans un d\u00e9lai de quatre semaines apr\u00e8s r\u00e9ception de la commande d\u2019origine au si\u00e8ge social de la Soci\u00e9t\u00e9. Il est express\u00e9ment indiqu\u00e9 ici que toute r\u00e9clamation portant sur les \u00e9l\u00e9ments de personnalisation ajout\u00e9s par l\u2019Utilisateur (textes et images) ne pourra \u00eatre prise favorablement en compte par la Soci\u00e9t\u00e9.<\/p>\r\n<p>\u2013 Notamment, toute r\u00e9clamation portant sur la mise en forme ou l\u2019orthographe des textes ajout\u00e9s par l\u2019Utilisateur, ne saurait \u00eatre accept\u00e9e par la Soci\u00e9t\u00e9.<\/p>\r\n<p><strong>Condition de remboursement :<\/strong><\/p>\r\n<p>\u2013 Frais de retour : indu au fautif (si le litige est du a la responsabilit\u00e9 de <strong>IT Monaco<\/strong>\u00a0\/ <b>Box Grand Cru<\/b><b>\u00a0<\/b>ou du client).<\/p>\r\n<\/div>\r\n<\/div>\r\n<\/div>\r\n<\/div>\r\n<\/div>\r\n<\/div>\r\n<div class=\"vc_row wpb_row vc_row-fluid\">\r\n<div class=\"wpb_column vc_column_container vc_col-sm-12\">\r\n<div class=\"vc_column-inner\">\r\n<div class=\"wpb_wrapper\">\r\n<div class=\"vc_separator wpb_content_element vc_separator_align_center vc_sep_width_100 vc_sep_pos_align_center vc_separator_no_text\">\u00a0<\/div>\r\n<\/div>\r\n<\/div>\r\n<\/div>\r\n<\/div>\r\n<div class=\"vc_row wpb_row vc_row-fluid\">\r\n<div class=\"wpb_column vc_column_container vc_col-sm-12\">\r\n<div class=\"vc_column-inner\">\r\n<div class=\"wpb_wrapper\">\r\n<div class=\"wpb_text_column wpb_content_element \">\r\n<div class=\"wpb_wrapper\">\r\n<h2 class=\"shortcode_title title_636991106 secondary_font vc_custom_1446817489642\"><strong>Article 8 : Propri\u00e9t\u00e9 intellectuelle<\/strong><\/h2>\r\n<p>\u2013 Les dessins, illustrations, mod\u00e8les, designs, logos ; ainsi que les photos, images et textes pr\u00e9sent\u00e9s sur le site www.monacupgreen sont la propri\u00e9t\u00e9 de la Soci\u00e9t\u00e9 et sont prot\u00e9g\u00e9s par le droit de la propri\u00e9t\u00e9 intellectuelle et par le droit d\u2019auteur.<\/p>\r\n<p><strong>8.1 obligation de l\u2019utilisateur<\/strong><\/p>\r\n<p>\u2013 Etre titulaire des droits de propri\u00e9t\u00e9 intellectuelle des photos, textes, images ou \u00e0 d\u00e9faut que ces \u00e9l\u00e9ments de personnalisation soient libres de droits.<\/p>\r\n<p>\u2013 En cas de diffusion de photos, de noms de personnes dans un texte, l\u2019utilisateur doit s\u2019assurer que les personnes concern\u00e9es.<\/p>\r\n<\/div>\r\n<\/div>\r\n<\/div>\r\n<\/div>\r\n<\/div>\r\n<\/div>\r\n<\/div>","protected":false},"excerpt":{"rendered":"<p>Article 1 \u2013 G\u00e9n\u00e9ralit\u00e9s \u2013 Le site www.BoxGrandCru.fr\u00a0est \u00e9dit\u00e9 par la soci\u00e9t\u00e9 IT Monaco, dont le si\u00e8ge social est situ\u00e9 au : 2971, Chemin Saint Bernard &#8211;\u00a0 Sophia Antipolis \u2013 06220 VALLAURISE, FRANCE. au capital [&hellip;]<\/p>\n","protected":false},"author":1,"featured_media":0,"parent":0,"menu_order":0,"comment_status":"closed","ping_status":"open","template":"","meta":{"_exactmetrics_skip_tracking":false,"_exactmetrics_sitenote_active":false,"_exactmetrics_sitenote_note":"","_exactmetrics_sitenote_category":0,"footnotes":""},"class_list":["post-8308","page","type-page","status-publish","hentry"],"yoast_head":"<!-- This site is optimized with the Yoast SEO plugin v27.4 - https:\/\/yoast.com\/product\/yoast-seo-wordpress\/ -->\n<title>Conditions G\u00e9n\u00e9rales de Vente - BoxGrandCru.fr<\/title>\n<meta name=\"robots\" content=\"index, follow, max-snippet:-1, max-image-preview:large, max-video-preview:-1\" \/>\n<link rel=\"canonical\" href=\"https:\/\/www.boxgrandcru.fr\/index.php\/conditions-generales-de-vente\/\" \/>\n<meta property=\"og:locale\" content=\"fr_FR\" \/>\n<meta property=\"og:type\" content=\"article\" \/>\n<meta property=\"og:title\" content=\"Conditions G\u00e9n\u00e9rales de Vente - BoxGrandCru.fr\" \/>\n<meta property=\"og:description\" content=\"Article 1 \u2013 G\u00e9n\u00e9ralit\u00e9s \u2013 Le site www.BoxGrandCru.fr\u00a0est \u00e9dit\u00e9 par la soci\u00e9t\u00e9 IT Monaco, dont le si\u00e8ge social est situ\u00e9 au : 2971, Chemin Saint Bernard &#8211;\u00a0 Sophia Antipolis \u2013 06220 VALLAURISE, FRANCE. au capital [&hellip;]\" \/>\n<meta property=\"og:url\" content=\"https:\/\/www.boxgrandcru.fr\/index.php\/conditions-generales-de-vente\/\" \/>\n<meta property=\"og:site_name\" content=\"BoxGrandCru.fr\" \/>\n<meta property=\"article:publisher\" content=\"https:\/\/www.facebook.com\/boxgrandcru\" \/>\n<meta name=\"twitter:card\" content=\"summary_large_image\" \/>\n<meta name=\"twitter:label1\" content=\"Dur\u00e9e de lecture estim\u00e9e\" \/>\n\t<meta name=\"twitter:data1\" content=\"4 minutes\" \/>\n<script type=\"application\/ld+json\" class=\"yoast-schema-graph\">{\"@context\":\"https:\\\/\\\/schema.org\",\"@graph\":[{\"@type\":\"WebPage\",\"@id\":\"https:\\\/\\\/www.boxgrandcru.fr\\\/index.php\\\/conditions-generales-de-vente\\\/\",\"url\":\"https:\\\/\\\/www.boxgrandcru.fr\\\/index.php\\\/conditions-generales-de-vente\\\/\",\"name\":\"Conditions G\u00e9n\u00e9rales de Vente - BoxGrandCru.fr\",\"isPartOf\":{\"@id\":\"https:\\\/\\\/www.boxgrandcru.fr\\\/#website\"},\"datePublished\":\"2024-10-13T13:15:03+00:00\",\"breadcrumb\":{\"@id\":\"https:\\\/\\\/www.boxgrandcru.fr\\\/index.php\\\/conditions-generales-de-vente\\\/#breadcrumb\"},\"inLanguage\":\"fr-FR\",\"potentialAction\":[{\"@type\":\"ReadAction\",\"target\":[\"https:\\\/\\\/www.boxgrandcru.fr\\\/index.php\\\/conditions-generales-de-vente\\\/\"]}]},{\"@type\":\"BreadcrumbList\",\"@id\":\"https:\\\/\\\/www.boxgrandcru.fr\\\/index.php\\\/conditions-generales-de-vente\\\/#breadcrumb\",\"itemListElement\":[{\"@type\":\"ListItem\",\"position\":1,\"name\":\"Accueil\",\"item\":\"https:\\\/\\\/www.boxgrandcru.fr\\\/\"},{\"@type\":\"ListItem\",\"position\":2,\"name\":\"Conditions G\u00e9n\u00e9rales de Vente\"}]},{\"@type\":\"WebSite\",\"@id\":\"https:\\\/\\\/www.boxgrandcru.fr\\\/#website\",\"url\":\"https:\\\/\\\/www.boxgrandcru.fr\\\/\",\"name\":\"BoxGrandCru.fr\",\"description\":\"BoxGrandCru.fr\",\"publisher\":{\"@id\":\"https:\\\/\\\/www.boxgrandcru.fr\\\/#organization\"},\"potentialAction\":[{\"@type\":\"SearchAction\",\"target\":{\"@type\":\"EntryPoint\",\"urlTemplate\":\"https:\\\/\\\/www.boxgrandcru.fr\\\/?s={search_term_string}\"},\"query-input\":{\"@type\":\"PropertyValueSpecification\",\"valueRequired\":true,\"valueName\":\"search_term_string\"}}],\"inLanguage\":\"fr-FR\"},{\"@type\":\"Organization\",\"@id\":\"https:\\\/\\\/www.boxgrandcru.fr\\\/#organization\",\"name\":\"BoxGrandCru.fr\",\"url\":\"https:\\\/\\\/www.boxgrandcru.fr\\\/\",\"logo\":{\"@type\":\"ImageObject\",\"inLanguage\":\"fr-FR\",\"@id\":\"https:\\\/\\\/www.boxgrandcru.fr\\\/#\\\/schema\\\/logo\\\/image\\\/\",\"url\":\"https:\\\/\\\/www.boxgrandcru.fr\\\/wp-content\\\/uploads\\\/2024\\\/10\\\/logobox_v14.jpg\",\"contentUrl\":\"https:\\\/\\\/www.boxgrandcru.fr\\\/wp-content\\\/uploads\\\/2024\\\/10\\\/logobox_v14.jpg\",\"width\":600,\"height\":146,\"caption\":\"BoxGrandCru.fr\"},\"image\":{\"@id\":\"https:\\\/\\\/www.boxgrandcru.fr\\\/#\\\/schema\\\/logo\\\/image\\\/\"},\"sameAs\":[\"https:\\\/\\\/www.facebook.com\\\/boxgrandcru\",\"https:\\\/\\\/www.instagram.com\\\/boxgrandcru\\\/\"]}]}<\/script>\n<!-- \/ Yoast SEO plugin. -->","yoast_head_json":{"title":"Conditions G\u00e9n\u00e9rales de Vente - BoxGrandCru.fr","robots":{"index":"index","follow":"follow","max-snippet":"max-snippet:-1","max-image-preview":"max-image-preview:large","max-video-preview":"max-video-preview:-1"},"canonical":"https:\/\/www.boxgrandcru.fr\/index.php\/conditions-generales-de-vente\/","og_locale":"fr_FR","og_type":"article","og_title":"Conditions G\u00e9n\u00e9rales de Vente - BoxGrandCru.fr","og_description":"Article 1 \u2013 G\u00e9n\u00e9ralit\u00e9s \u2013 Le site www.BoxGrandCru.fr\u00a0est \u00e9dit\u00e9 par la soci\u00e9t\u00e9 IT Monaco, dont le si\u00e8ge social est situ\u00e9 au : 2971, Chemin Saint Bernard &#8211;\u00a0 Sophia Antipolis \u2013 06220 VALLAURISE, FRANCE. au capital [&hellip;]","og_url":"https:\/\/www.boxgrandcru.fr\/index.php\/conditions-generales-de-vente\/","og_site_name":"BoxGrandCru.fr","article_publisher":"https:\/\/www.facebook.com\/boxgrandcru","twitter_card":"summary_large_image","twitter_misc":{"Dur\u00e9e de lecture estim\u00e9e":"4 minutes"},"schema":{"@context":"https:\/\/schema.org","@graph":[{"@type":"WebPage","@id":"https:\/\/www.boxgrandcru.fr\/index.php\/conditions-generales-de-vente\/","url":"https:\/\/www.boxgrandcru.fr\/index.php\/conditions-generales-de-vente\/","name":"Conditions G\u00e9n\u00e9rales de Vente - BoxGrandCru.fr","isPartOf":{"@id":"https:\/\/www.boxgrandcru.fr\/#website"},"datePublished":"2024-10-13T13:15:03+00:00","breadcrumb":{"@id":"https:\/\/www.boxgrandcru.fr\/index.php\/conditions-generales-de-vente\/#breadcrumb"},"inLanguage":"fr-FR","potentialAction":[{"@type":"ReadAction","target":["https:\/\/www.boxgrandcru.fr\/index.php\/conditions-generales-de-vente\/"]}]},{"@type":"BreadcrumbList","@id":"https:\/\/www.boxgrandcru.fr\/index.php\/conditions-generales-de-vente\/#breadcrumb","itemListElement":[{"@type":"ListItem","position":1,"name":"Accueil","item":"https:\/\/www.boxgrandcru.fr\/"},{"@type":"ListItem","position":2,"name":"Conditions G\u00e9n\u00e9rales de Vente"}]},{"@type":"WebSite","@id":"https:\/\/www.boxgrandcru.fr\/#website","url":"https:\/\/www.boxgrandcru.fr\/","name":"BoxGrandCru.fr","description":"BoxGrandCru.fr","publisher":{"@id":"https:\/\/www.boxgrandcru.fr\/#organization"},"potentialAction":[{"@type":"SearchAction","target":{"@type":"EntryPoint","urlTemplate":"https:\/\/www.boxgrandcru.fr\/?s={search_term_string}"},"query-input":{"@type":"PropertyValueSpecification","valueRequired":true,"valueName":"search_term_string"}}],"inLanguage":"fr-FR"},{"@type":"Organization","@id":"https:\/\/www.boxgrandcru.fr\/#organization","name":"BoxGrandCru.fr","url":"https:\/\/www.boxgrandcru.fr\/","logo":{"@type":"ImageObject","inLanguage":"fr-FR","@id":"https:\/\/www.boxgrandcru.fr\/#\/schema\/logo\/image\/","url":"https:\/\/www.boxgrandcru.fr\/wp-content\/uploads\/2024\/10\/logobox_v14.jpg","contentUrl":"https:\/\/www.boxgrandcru.fr\/wp-content\/uploads\/2024\/10\/logobox_v14.jpg","width":600,"height":146,"caption":"BoxGrandCru.fr"},"image":{"@id":"https:\/\/www.boxgrandcru.fr\/#\/schema\/logo\/image\/"},"sameAs":["https:\/\/www.facebook.com\/boxgrandcru","https:\/\/www.instagram.com\/boxgrandcru\/"]}]}},"jetpack_sharing_enabled":true,"_links":{"self":[{"href":"https:\/\/www.boxgrandcru.fr\/index.php\/wp-json\/wp\/v2\/pages\/8308","targetHints":{"allow":["GET"]}}],"collection":[{"href":"https:\/\/www.boxgrandcru.fr\/index.php\/wp-json\/wp\/v2\/pages"}],"about":[{"href":"https:\/\/www.boxgrandcru.fr\/index.php\/wp-json\/wp\/v2\/types\/page"}],"author":[{"embeddable":true,"href":"https:\/\/www.boxgrandcru.fr\/index.php\/wp-json\/wp\/v2\/users\/1"}],"replies":[{"embeddable":true,"href":"https:\/\/www.boxgrandcru.fr\/index.php\/wp-json\/wp\/v2\/comments?post=8308"}],"version-history":[{"count":1,"href":"https:\/\/www.boxgrandcru.fr\/index.php\/wp-json\/wp\/v2\/pages\/8308\/revisions"}],"predecessor-version":[{"id":8309,"href":"https:\/\/www.boxgrandcru.fr\/index.php\/wp-json\/wp\/v2\/pages\/8308\/revisions\/8309"}],"wp:attachment":[{"href":"https:\/\/www.boxgrandcru.fr\/index.php\/wp-json\/wp\/v2\/media?parent=8308"}],"curies":[{"name":"wp","href":"https:\/\/api.w.org\/{rel}","templated":true}]}}